{"id":447,"date":"2024-07-31T11:33:23","date_gmt":"2024-07-31T09:33:23","guid":{"rendered":"https:\/\/gracious-carson.82-223-1-47.plesk.page\/espiral\/politica-de-cookies-ue\/"},"modified":"2024-07-31T11:33:23","modified_gmt":"2024-07-31T09:33:23","slug":"politica-de-cookies-ue","status":"publish","type":"page","link":"https:\/\/eldiariodelaeducacion.com\/espiral\/politica-de-cookies-ue\/","title":{"rendered":"Pol\u00edtica de cookies (UE)"},"content":{"rendered":"<p>[cmplz-document type=\u00bbcookie-statement\u00bb region=\u00bbeu\u00bb]<\/p>\n","protected":false},"excerpt":{"rendered":"<p>[cmplz-document type=\u00bbcookie-statement\u00bb region=\u00bbeu\u00bb]<\/p>\n","protected":false},"author":1,"featured_media":0,"parent":0,"menu_order":0,"comment_status":"closed","ping_status":"closed","template":"","meta":{"footnotes":""},"class_list":["post-447","page","type-page","status-publish"],"yoast_head":"<!-- This site is optimized with the Yoast SEO plugin v27.5 - https:\/\/yoast.com\/product\/yoast-seo-wordpress\/ -->\n<title>Pol\u00edtica de cookies (UE) - Espiral, educaci\u00f3n y tecnolog\u00eda<\/title>\n<meta name=\"robots\" content=\"index, follow, max-snippet:-1, max-image-preview:large, max-video-preview:-1\" \/>\n<link rel=\"canonical\" href=\"https:\/\/eldiariodelaeducacion.com\/espiral\/politica-de-cookies-ue\/\" \/>\n<meta property=\"og:locale\" content=\"es_ES\" \/>\n<meta property=\"og:type\" content=\"article\" \/>\n<meta property=\"og:title\" content=\"Pol\u00edtica de cookies (UE) - Espiral, educaci\u00f3n y tecnolog\u00eda\" \/>\n<meta property=\"og:description\" content=\"[cmplz-document type=\u00bbcookie-statement\u00bb region=\u00bbeu\u00bb]\" \/>\n<meta property=\"og:url\" content=\"https:\/\/eldiariodelaeducacion.com\/espiral\/politica-de-cookies-ue\/\" \/>\n<meta property=\"og:site_name\" content=\"Espiral, educaci\u00f3n y tecnolog\u00eda\" \/>\n<meta name=\"twitter:card\" content=\"summary_large_image\" \/>\n<script type=\"application\/ld+json\" class=\"yoast-schema-graph\">{\"@context\":\"https:\\\/\\\/schema.org\",\"@graph\":[{\"@type\":\"WebPage\",\"@id\":\"https:\\\/\\\/eldiariodelaeducacion.com\\\/espiral\\\/politica-de-cookies-ue\\\/\",\"url\":\"https:\\\/\\\/eldiariodelaeducacion.com\\\/espiral\\\/politica-de-cookies-ue\\\/\",\"name\":\"Pol\u00edtica de cookies (UE) - Espiral, educaci\u00f3n y tecnolog\u00eda\",\"isPartOf\":{\"@id\":\"https:\\\/\\\/eldiariodelaeducacion.com\\\/espiral\\\/#website\"},\"datePublished\":\"2024-07-31T09:33:23+00:00\",\"breadcrumb\":{\"@id\":\"https:\\\/\\\/eldiariodelaeducacion.com\\\/espiral\\\/politica-de-cookies-ue\\\/#breadcrumb\"},\"inLanguage\":\"es\",\"potentialAction\":[{\"@type\":\"ReadAction\",\"target\":[\"https:\\\/\\\/eldiariodelaeducacion.com\\\/espiral\\\/politica-de-cookies-ue\\\/\"]}]},{\"@type\":\"BreadcrumbList\",\"@id\":\"https:\\\/\\\/eldiariodelaeducacion.com\\\/espiral\\\/politica-de-cookies-ue\\\/#breadcrumb\",\"itemListElement\":[{\"@type\":\"ListItem\",\"position\":1,\"name\":\"Portada\",\"item\":\"https:\\\/\\\/eldiariodelaeducacion.com\\\/espiral\\\/\"},{\"@type\":\"ListItem\",\"position\":2,\"name\":\"Pol\u00edtica de cookies (UE)\"}]},{\"@type\":\"WebSite\",\"@id\":\"https:\\\/\\\/eldiariodelaeducacion.com\\\/espiral\\\/#website\",\"url\":\"https:\\\/\\\/eldiariodelaeducacion.com\\\/espiral\\\/\",\"name\":\"Espiral, educaci\u00f3n y tecnolog\u00eda\",\"description\":\"Un blog de El Diario de la Educaci\u00f3n\",\"potentialAction\":[{\"@type\":\"SearchAction\",\"target\":{\"@type\":\"EntryPoint\",\"urlTemplate\":\"https:\\\/\\\/eldiariodelaeducacion.com\\\/espiral\\\/?s={search_term_string}\"},\"query-input\":{\"@type\":\"PropertyValueSpecification\",\"valueRequired\":true,\"valueName\":\"search_term_string\"}}],\"inLanguage\":\"es\"}]}<\/script>\n<!-- \/ Yoast SEO plugin. -->","yoast_head_json":{"title":"Pol\u00edtica de cookies (UE) - Espiral, educaci\u00f3n y tecnolog\u00eda","robots":{"index":"index","follow":"follow","max-snippet":"max-snippet:-1","max-image-preview":"max-image-preview:large","max-video-preview":"max-video-preview:-1"},"canonical":"https:\/\/eldiariodelaeducacion.com\/espiral\/politica-de-cookies-ue\/","og_locale":"es_ES","og_type":"article","og_title":"Pol\u00edtica de cookies (UE) - Espiral, educaci\u00f3n y tecnolog\u00eda","og_description":"[cmplz-document type=\u00bbcookie-statement\u00bb region=\u00bbeu\u00bb]","og_url":"https:\/\/eldiariodelaeducacion.com\/espiral\/politica-de-cookies-ue\/","og_site_name":"Espiral, educaci\u00f3n y tecnolog\u00eda","twitter_card":"summary_large_image","schema":{"@context":"https:\/\/schema.org","@graph":[{"@type":"WebPage","@id":"https:\/\/eldiariodelaeducacion.com\/espiral\/politica-de-cookies-ue\/","url":"https:\/\/eldiariodelaeducacion.com\/espiral\/politica-de-cookies-ue\/","name":"Pol\u00edtica de cookies (UE) - Espiral, educaci\u00f3n y tecnolog\u00eda","isPartOf":{"@id":"https:\/\/eldiariodelaeducacion.com\/espiral\/#website"},"datePublished":"2024-07-31T09:33:23+00:00","breadcrumb":{"@id":"https:\/\/eldiariodelaeducacion.com\/espiral\/politica-de-cookies-ue\/#breadcrumb"},"inLanguage":"es","potentialAction":[{"@type":"ReadAction","target":["https:\/\/eldiariodelaeducacion.com\/espiral\/politica-de-cookies-ue\/"]}]},{"@type":"BreadcrumbList","@id":"https:\/\/eldiariodelaeducacion.com\/espiral\/politica-de-cookies-ue\/#breadcrumb","itemListElement":[{"@type":"ListItem","position":1,"name":"Portada","item":"https:\/\/eldiariodelaeducacion.com\/espiral\/"},{"@type":"ListItem","position":2,"name":"Pol\u00edtica de cookies (UE)"}]},{"@type":"WebSite","@id":"https:\/\/eldiariodelaeducacion.com\/espiral\/#website","url":"https:\/\/eldiariodelaeducacion.com\/espiral\/","name":"Espiral, educaci\u00f3n y tecnolog\u00eda","description":"Un blog de El Diario de la Educaci\u00f3n","potentialAction":[{"@type":"SearchAction","target":{"@type":"EntryPoint","urlTemplate":"https:\/\/eldiariodelaeducacion.com\/espiral\/?s={search_term_string}"},"query-input":{"@type":"PropertyValueSpecification","valueRequired":true,"valueName":"search_term_string"}}],"inLanguage":"es"}]}},"_links":{"self":[{"href":"https:\/\/eldiariodelaeducacion.com\/espiral\/wp-json\/wp\/v2\/pages\/447","targetHints":{"allow":["GET"]}}],"collection":[{"href":"https:\/\/eldiariodelaeducacion.com\/espiral\/wp-json\/wp\/v2\/pages"}],"about":[{"href":"https:\/\/eldiariodelaeducacion.com\/espiral\/wp-json\/wp\/v2\/types\/page"}],"author":[{"embeddable":true,"href":"https:\/\/eldiariodelaeducacion.com\/espiral\/wp-json\/wp\/v2\/users\/1"}],"replies":[{"embeddable":true,"href":"https:\/\/eldiariodelaeducacion.com\/espiral\/wp-json\/wp\/v2\/comments?post=447"}],"version-history":[{"count":0,"href":"https:\/\/eldiariodelaeducacion.com\/espiral\/wp-json\/wp\/v2\/pages\/447\/revisions"}],"wp:attachment":[{"href":"https:\/\/eldiariodelaeducacion.com\/espiral\/wp-json\/wp\/v2\/media?parent=447"}],"curies":[{"name":"wp","href":"https:\/\/api.w.org\/{rel}","templated":true}]}}