{"id":2,"date":"2024-02-11T13:37:04","date_gmt":"2024-02-11T12:37:04","guid":{"rendered":"https:\/\/gracious-carson.82-223-1-47.plesk.page\/site-para-clonar\/?page_id=2"},"modified":"2024-02-21T12:54:36","modified_gmt":"2024-02-21T11:54:36","slug":"inicio-prisma-convives","status":"publish","type":"page","link":"https:\/\/eldiariodelaeducacion.com\/site-para-clonar\/","title":{"rendered":"inicio"},"content":{"rendered":"\t\t<div data-elementor-type=\"wp-page\" data-elementor-id=\"2\" class=\"elementor elementor-2\" data-elementor-post-type=\"page\">\n\t\t\t\t\t\t<section class=\"has-el-gap el-gap-default elementor-section elementor-top-section elementor-element elementor-element-4ce178a elementor-section-boxed elementor-section-height-default elementor-section-height-default\" data-id=\"4ce178a\" data-element_type=\"section\" data-e-type=\"section\">\n\t\t\t\t\t\t<div class=\"elementor-container elementor-column-gap-no\">\n\t\t\t\t\t<div class=\"elementor-column elementor-col-100 elementor-top-column elementor-element elementor-element-3555872\" data-id=\"3555872\" data-element_type=\"column\" data-e-type=\"column\">\n\t\t\t<div class=\"elementor-widget-wrap elementor-element-populated\">\n\t\t\t\t\t\t<div class=\"elementor-element elementor-element-5f8b3f9 post-content elementor-widget elementor-widget-text-editor\" data-id=\"5f8b3f9\" data-element_type=\"widget\" data-e-type=\"widget\" data-widget_type=\"text-editor.default\">\n\t\t\t\t<div class=\"elementor-widget-container\">\n\t\t\t\t\t\t\t\t\t<h1 style=\"text-align: center;\">PRISMA CONVIVES \u00b7 Un blog de <span style=\"color: #3e7fb9;\"><a style=\"color: #3e7fb9;\" href=\"https:\/\/eldiariodelaeducaci\u00f3n.com\">El Diario de la Educaci\u00f3n<\/a><\/span><\/h1>\t\t\t\t\t\t\t\t<\/div>\n\t\t\t\t<\/div>\n\t\t\t\t\t<\/div>\n\t\t<\/div>\n\t\t\t\t\t<\/div>\n\t\t<\/section>\n\t\t\t\t<section class=\"has-el-gap el-gap-default elementor-section elementor-top-section elementor-element elementor-element-9eb35ab elementor-section-boxed elementor-section-height-default elementor-section-height-default\" data-id=\"9eb35ab\" data-element_type=\"section\" data-e-type=\"section\">\n\t\t\t\t\t\t<div class=\"elementor-container elementor-column-gap-no\">\n\t\t\t\t\t<div class=\"elementor-column elementor-col-66 elementor-top-column elementor-element elementor-element-9b9a6a4\" data-id=\"9b9a6a4\" data-element_type=\"column\" data-e-type=\"column\">\n\t\t\t<div class=\"elementor-widget-wrap elementor-element-populated\">\n\t\t\t\t\t\t<div class=\"elementor-element elementor-element-34982ab elementor-widget elementor-widget-smartmag-grid\" data-id=\"34982ab\" data-element_type=\"widget\" data-e-type=\"widget\" data-widget_type=\"smartmag-grid.default\">\n\t\t\t\t<div class=\"elementor-widget-container\">\n\t\t\t\t\t\t\t<section class=\"block-wrap block-grid block-sc\" data-id=\"1\">\n\n\t\t\t\t\n\t\t\t<div class=\"block-content\">\n\t\t\t\t\t\n\t<div class=\"loop loop-grid loop-grid-base grid grid-1 md:grid-1 xs:grid-1\">\n\n\t\t\n\t<\/div>\n\n\t\t\n\t\t\t<\/div>\n\n\t\t<\/section>\n\t\t\t\t\t\t<\/div>\n\t\t\t\t<\/div>\n\t\t\t\t<div class=\"elementor-element elementor-element-0d595ab elementor-widget elementor-widget-smartmag-codes\" data-id=\"0d595ab\" data-element_type=\"widget\" data-e-type=\"widget\" data-widget_type=\"smartmag-codes.default\">\n\t\t\t\t<div class=\"elementor-widget-container\">\n\t\t\t\t\t<div class=\"a-wrap\"> <\/div>\t\t\t\t<\/div>\n\t\t\t\t<\/div>\n\t\t\t\t\t<\/div>\n\t\t<\/div>\n\t\t\t\t<div class=\"elementor-column elementor-col-33 elementor-top-column elementor-element elementor-element-f5e41ac\" data-id=\"f5e41ac\" data-element_type=\"column\" data-e-type=\"column\" data-settings=\"{&quot;background_background&quot;:&quot;classic&quot;,&quot;background_sd_background&quot;:&quot;classic&quot;}\">\n\t\t\t<div class=\"elementor-widget-wrap elementor-element-populated\">\n\t\t\t\t\t\t<div class=\"elementor-element elementor-element-d3f24c9 elementor-widget elementor-widget-heading\" data-id=\"d3f24c9\" data-element_type=\"widget\" data-e-type=\"widget\" data-widget_type=\"heading.default\">\n\t\t\t\t<div class=\"elementor-widget-container\">\n\t\t\t\t\t<h2 class=\"elementor-heading-title elementor-size-default\">Sobre el blog<\/h2>\t\t\t\t<\/div>\n\t\t\t\t<\/div>\n\t\t\t\t<div class=\"elementor-element elementor-element-6e628bc elementor-widget elementor-widget-text-editor\" data-id=\"6e628bc\" data-element_type=\"widget\" data-e-type=\"widget\" data-widget_type=\"text-editor.default\">\n\t\t\t\t<div class=\"elementor-widget-container\">\n\t\t\t\t\t\t\t\t\t<p>La convivencia escolar positiva, su fundamentaci\u00f3n y su pr\u00e1ctica cotidiana constituye uno de los ejes esenciales que condicionan la vida de la Escuela. El trabajo diario del alumnado y del profesorado no resultar\u00eda viable si el centro no consigue poner en marcha un clima de convivencia que contribuya al bienestar de la comunidad educativa.<\/p>\n<p>A lo largo de la \u00faltimas d\u00e9cadas, numerosas escuelas y profesionales hemos trabajado para situar la convivencia en un lugar central de la vida escolar.<\/p>\n<p>Atesoramos una exitosa experiencia que no s\u00f3lo ha sido \u00fatil para mejorar la convivencia en nuestros centros sino para desarrollar en el alumnado las competencias para aprender a convivir en nuestra sociedad.<\/p>\n<p>Ese ser\u00e1 nuestro objetivo: proponer al lector, a la lectora, reflexiones y buenas pr\u00e1cticas que contribuyan a conseguir ese bienestar.<\/p>\n<p>La asociaci\u00f3n Convives es una entidad integrada por profesionales de la educaci\u00f3n de los distintos niveles educativos, con una amplia trayectoria vinculada a la mejora del clima de centro y a la formaci\u00f3n del profesorado.<\/p>\t\t\t\t\t\t\t\t<\/div>\n\t\t\t\t<\/div>\n\t\t\t\t\t<\/div>\n\t\t<\/div>\n\t\t\t\t\t<\/div>\n\t\t<\/section>\n\t\t\t\t<section class=\"elementor-section elementor-top-section elementor-element elementor-element-5819eba elementor-section-boxed elementor-section-height-default elementor-section-height-default\" data-id=\"5819eba\" data-element_type=\"section\" data-e-type=\"section\">\n\t\t\t\t\t\t<div class=\"elementor-container elementor-column-gap-default\">\n\t\t\t\t\t<div class=\"elementor-column elementor-col-100 elementor-top-column elementor-element elementor-element-2b51bd9\" data-id=\"2b51bd9\" data-element_type=\"column\" data-e-type=\"column\">\n\t\t\t<div class=\"elementor-widget-wrap elementor-element-populated\">\n\t\t\t\t\t\t<div class=\"elementor-element elementor-element-dc64505 elementor-widget elementor-widget-smartmag-grid\" data-id=\"dc64505\" data-element_type=\"widget\" data-e-type=\"widget\" data-widget_type=\"smartmag-grid.default\">\n\t\t\t\t<div class=\"elementor-widget-container\">\n\t\t\t\t\t\t\t<section class=\"block-wrap block-grid block-sc\" data-id=\"2\" data-block=\"{&quot;id&quot;:&quot;grid&quot;,&quot;props&quot;:{&quot;cat_labels&quot;:1,&quot;cat_labels_pos&quot;:&quot;bot-left&quot;,&quot;reviews&quot;:&quot;stars&quot;,&quot;post_formats_pos&quot;:&quot;center&quot;,&quot;load_more_style&quot;:&quot;a&quot;,&quot;meta_cat_style&quot;:&quot;labels&quot;,&quot;media_style_shadow&quot;:0,&quot;meta_sponsor&quot;:1,&quot;meta_sponsor_logo&quot;:0,&quot;meta_sponsor_label&quot;:&quot;Sponsor: {sponsor}&quot;,&quot;meta_above&quot;:[],&quot;meta_below&quot;:[&quot;author&quot;,&quot;date&quot;,&quot;comments&quot;,&quot;read_time&quot;],&quot;meta_sponsor_above&quot;:[],&quot;meta_sponsor_below&quot;:[&quot;sponsor&quot;,&quot;date&quot;],&quot;media_ratio&quot;:&quot;&quot;,&quot;media_ratio_custom&quot;:&quot;&quot;,&quot;read_more&quot;:&quot;none&quot;,&quot;content_center&quot;:0,&quot;posts&quot;:12,&quot;columns&quot;:&quot;3&quot;,&quot;container_width&quot;:&quot;100&quot;,&quot;offset&quot;:1,&quot;pagination&quot;:&quot;1&quot;,&quot;pagination_type&quot;:&quot;infinite&quot;,&quot;sort_order&quot;:&quot;desc&quot;,&quot;excerpt_length&quot;:15,&quot;meta_sponsor_items_default&quot;:true,&quot;query_type&quot;:&quot;custom&quot;,&quot;sort_days&quot;:null,&quot;carousel_dots&quot;:null,&quot;is_sc_call&quot;:true,&quot;meta_items_default&quot;:true}}\">\n\n\t\t\t\t\n\t\t\t<div class=\"block-content\">\n\t\t\t\t\t\n\t<div class=\"loop loop-grid loop-grid-base grid grid-3 md:grid-2 xs:grid-1\">\n\n\t\t\n\t<\/div>\n\n\t\n\n\t\n\t\n\n\t\n\t\t\t<\/div>\n\n\t\t<\/section>\n\t\t\t\t\t\t<\/div>\n\t\t\t\t<\/div>\n\t\t\t\t\t<\/div>\n\t\t<\/div>\n\t\t\t\t\t<\/div>\n\t\t<\/section>\n\t\t\t\t<\/div>\n\t\t","protected":false},"excerpt":{"rendered":"<p>PRISMA CONVIVES \u00b7 Un blog de El Diario de la Educaci\u00f3n Prisma Convivencia Un momento, por favor By N\u00e9lida Zaitegi8 de febrero de 20240 \u00abLa educaci\u00f3n no puede ser neutral. O bien est\u00e1 al servicio de la reproducci\u00f3n de una sociedad injusta, o bien al servicio de la transformaci\u00f3n hacia una sociedad m\u00e1s justa.\u00bb P.<\/p>\n","protected":false},"author":1,"featured_media":0,"parent":0,"menu_order":0,"comment_status":"closed","ping_status":"closed","template":"page-templates\/no-wrapper.php","meta":{"footnotes":""},"class_list":["post-2","page","type-page","status-publish"],"yoast_head":"<!-- This site is optimized with the Yoast SEO plugin v27.2 - https:\/\/yoast.com\/product\/yoast-seo-wordpress\/ -->\n<title>inicio - Site para clonar<\/title>\n<meta name=\"robots\" content=\"index, follow, max-snippet:-1, max-image-preview:large, max-video-preview:-1\" \/>\n<link rel=\"canonical\" href=\"https:\/\/eldiariodelaeducacion.com\/site-para-clonar\/\" \/>\n<meta property=\"og:locale\" content=\"es_ES\" \/>\n<meta property=\"og:type\" content=\"article\" \/>\n<meta property=\"og:title\" content=\"inicio - Site para clonar\" \/>\n<meta property=\"og:description\" content=\"PRISMA CONVIVES \u00b7 Un blog de El Diario de la Educaci\u00f3n Prisma Convivencia Un momento, por favor By N\u00e9lida Zaitegi8 de febrero de 20240 \u00abLa educaci\u00f3n no puede ser neutral. O bien est\u00e1 al servicio de la reproducci\u00f3n de una sociedad injusta, o bien al servicio de la transformaci\u00f3n hacia una sociedad m\u00e1s justa.\u00bb P.\" \/>\n<meta property=\"og:url\" content=\"https:\/\/eldiariodelaeducacion.com\/site-para-clonar\/\" \/>\n<meta property=\"og:site_name\" content=\"Site para clonar\" \/>\n<meta property=\"article:modified_time\" content=\"2024-02-21T11:54:36+00:00\" \/>\n<meta property=\"og:image\" content=\"https:\/\/gracious-carson.82-223-1-47.plesk.page\/site-para-clonar\/wp-content\/uploads\/sites\/15\/2024\/02\/GettyImages-854385926-1024x684.jpg\" \/>\n<meta name=\"twitter:card\" content=\"summary_large_image\" \/>\n<meta name=\"twitter:label1\" content=\"Tiempo de lectura\" \/>\n\t<meta name=\"twitter:data1\" content=\"3 minutos\" \/>\n<script type=\"application\/ld+json\" class=\"yoast-schema-graph\">{\"@context\":\"https:\/\/schema.org\",\"@graph\":[{\"@type\":\"WebPage\",\"@id\":\"https:\/\/eldiariodelaeducacion.com\/site-para-clonar\/\",\"url\":\"https:\/\/eldiariodelaeducacion.com\/site-para-clonar\/\",\"name\":\"inicio - Site para clonar\",\"isPartOf\":{\"@id\":\"https:\/\/eldiariodelaeducacion.com\/site-para-clonar\/#website\"},\"primaryImageOfPage\":{\"@id\":\"https:\/\/eldiariodelaeducacion.com\/site-para-clonar\/#primaryimage\"},\"image\":{\"@id\":\"https:\/\/eldiariodelaeducacion.com\/site-para-clonar\/#primaryimage\"},\"thumbnailUrl\":\"https:\/\/gracious-carson.82-223-1-47.plesk.page\/site-para-clonar\/wp-content\/uploads\/sites\/15\/2024\/02\/GettyImages-854385926-1024x684.jpg\",\"datePublished\":\"2024-02-11T12:37:04+00:00\",\"dateModified\":\"2024-02-21T11:54:36+00:00\",\"breadcrumb\":{\"@id\":\"https:\/\/eldiariodelaeducacion.com\/site-para-clonar\/#breadcrumb\"},\"inLanguage\":\"es\",\"potentialAction\":[{\"@type\":\"ReadAction\",\"target\":[\"https:\/\/eldiariodelaeducacion.com\/site-para-clonar\/\"]}]},{\"@type\":\"ImageObject\",\"inLanguage\":\"es\",\"@id\":\"https:\/\/eldiariodelaeducacion.com\/site-para-clonar\/#primaryimage\",\"url\":\"https:\/\/gracious-carson.82-223-1-47.plesk.page\/site-para-clonar\/wp-content\/uploads\/sites\/15\/2024\/02\/GettyImages-854385926-1024x684.jpg\",\"contentUrl\":\"https:\/\/gracious-carson.82-223-1-47.plesk.page\/site-para-clonar\/wp-content\/uploads\/sites\/15\/2024\/02\/GettyImages-854385926-1024x684.jpg\"},{\"@type\":\"BreadcrumbList\",\"@id\":\"https:\/\/eldiariodelaeducacion.com\/site-para-clonar\/#breadcrumb\",\"itemListElement\":[{\"@type\":\"ListItem\",\"position\":1,\"name\":\"Portada\",\"item\":\"https:\/\/eldiariodelaeducacion.com\/site-para-clonar\/\"},{\"@type\":\"ListItem\",\"position\":2,\"name\":\"inicio\"}]},{\"@type\":\"WebSite\",\"@id\":\"https:\/\/eldiariodelaeducacion.com\/site-para-clonar\/#website\",\"url\":\"https:\/\/eldiariodelaeducacion.com\/site-para-clonar\/\",\"name\":\"Site para clonar\",\"description\":\"Un blog de El Diario de la Educaci\u00f3n\",\"potentialAction\":[{\"@type\":\"SearchAction\",\"target\":{\"@type\":\"EntryPoint\",\"urlTemplate\":\"https:\/\/eldiariodelaeducacion.com\/site-para-clonar\/?s={search_term_string}\"},\"query-input\":{\"@type\":\"PropertyValueSpecification\",\"valueRequired\":true,\"valueName\":\"search_term_string\"}}],\"inLanguage\":\"es\"}]}<\/script>\n<!-- \/ Yoast SEO plugin. -->","yoast_head_json":{"title":"inicio - Site para clonar","robots":{"index":"index","follow":"follow","max-snippet":"max-snippet:-1","max-image-preview":"max-image-preview:large","max-video-preview":"max-video-preview:-1"},"canonical":"https:\/\/eldiariodelaeducacion.com\/site-para-clonar\/","og_locale":"es_ES","og_type":"article","og_title":"inicio - Site para clonar","og_description":"PRISMA CONVIVES \u00b7 Un blog de El Diario de la Educaci\u00f3n Prisma Convivencia Un momento, por favor By N\u00e9lida Zaitegi8 de febrero de 20240 \u00abLa educaci\u00f3n no puede ser neutral. O bien est\u00e1 al servicio de la reproducci\u00f3n de una sociedad injusta, o bien al servicio de la transformaci\u00f3n hacia una sociedad m\u00e1s justa.\u00bb P.","og_url":"https:\/\/eldiariodelaeducacion.com\/site-para-clonar\/","og_site_name":"Site para clonar","article_modified_time":"2024-02-21T11:54:36+00:00","og_image":[{"url":"https:\/\/gracious-carson.82-223-1-47.plesk.page\/site-para-clonar\/wp-content\/uploads\/sites\/15\/2024\/02\/GettyImages-854385926-1024x684.jpg","type":"","width":"","height":""}],"twitter_card":"summary_large_image","twitter_misc":{"Tiempo de lectura":"3 minutos"},"schema":{"@context":"https:\/\/schema.org","@graph":[{"@type":"WebPage","@id":"https:\/\/eldiariodelaeducacion.com\/site-para-clonar\/","url":"https:\/\/eldiariodelaeducacion.com\/site-para-clonar\/","name":"inicio - Site para clonar","isPartOf":{"@id":"https:\/\/eldiariodelaeducacion.com\/site-para-clonar\/#website"},"primaryImageOfPage":{"@id":"https:\/\/eldiariodelaeducacion.com\/site-para-clonar\/#primaryimage"},"image":{"@id":"https:\/\/eldiariodelaeducacion.com\/site-para-clonar\/#primaryimage"},"thumbnailUrl":"https:\/\/gracious-carson.82-223-1-47.plesk.page\/site-para-clonar\/wp-content\/uploads\/sites\/15\/2024\/02\/GettyImages-854385926-1024x684.jpg","datePublished":"2024-02-11T12:37:04+00:00","dateModified":"2024-02-21T11:54:36+00:00","breadcrumb":{"@id":"https:\/\/eldiariodelaeducacion.com\/site-para-clonar\/#breadcrumb"},"inLanguage":"es","potentialAction":[{"@type":"ReadAction","target":["https:\/\/eldiariodelaeducacion.com\/site-para-clonar\/"]}]},{"@type":"ImageObject","inLanguage":"es","@id":"https:\/\/eldiariodelaeducacion.com\/site-para-clonar\/#primaryimage","url":"https:\/\/gracious-carson.82-223-1-47.plesk.page\/site-para-clonar\/wp-content\/uploads\/sites\/15\/2024\/02\/GettyImages-854385926-1024x684.jpg","contentUrl":"https:\/\/gracious-carson.82-223-1-47.plesk.page\/site-para-clonar\/wp-content\/uploads\/sites\/15\/2024\/02\/GettyImages-854385926-1024x684.jpg"},{"@type":"BreadcrumbList","@id":"https:\/\/eldiariodelaeducacion.com\/site-para-clonar\/#breadcrumb","itemListElement":[{"@type":"ListItem","position":1,"name":"Portada","item":"https:\/\/eldiariodelaeducacion.com\/site-para-clonar\/"},{"@type":"ListItem","position":2,"name":"inicio"}]},{"@type":"WebSite","@id":"https:\/\/eldiariodelaeducacion.com\/site-para-clonar\/#website","url":"https:\/\/eldiariodelaeducacion.com\/site-para-clonar\/","name":"Site para clonar","description":"Un blog de El Diario de la Educaci\u00f3n","potentialAction":[{"@type":"SearchAction","target":{"@type":"EntryPoint","urlTemplate":"https:\/\/eldiariodelaeducacion.com\/site-para-clonar\/?s={search_term_string}"},"query-input":{"@type":"PropertyValueSpecification","valueRequired":true,"valueName":"search_term_string"}}],"inLanguage":"es"}]}},"_links":{"self":[{"href":"https:\/\/eldiariodelaeducacion.com\/site-para-clonar\/wp-json\/wp\/v2\/pages\/2","targetHints":{"allow":["GET"]}}],"collection":[{"href":"https:\/\/eldiariodelaeducacion.com\/site-para-clonar\/wp-json\/wp\/v2\/pages"}],"about":[{"href":"https:\/\/eldiariodelaeducacion.com\/site-para-clonar\/wp-json\/wp\/v2\/types\/page"}],"author":[{"embeddable":true,"href":"https:\/\/eldiariodelaeducacion.com\/site-para-clonar\/wp-json\/wp\/v2\/users\/1"}],"replies":[{"embeddable":true,"href":"https:\/\/eldiariodelaeducacion.com\/site-para-clonar\/wp-json\/wp\/v2\/comments?post=2"}],"version-history":[{"count":16,"href":"https:\/\/eldiariodelaeducacion.com\/site-para-clonar\/wp-json\/wp\/v2\/pages\/2\/revisions"}],"predecessor-version":[{"id":233,"href":"https:\/\/eldiariodelaeducacion.com\/site-para-clonar\/wp-json\/wp\/v2\/pages\/2\/revisions\/233"}],"wp:attachment":[{"href":"https:\/\/eldiariodelaeducacion.com\/site-para-clonar\/wp-json\/wp\/v2\/media?parent=2"}],"curies":[{"name":"wp","href":"https:\/\/api.w.org\/{rel}","templated":true}]}}